{"id":3,"date":"2024-01-18T11:12:33","date_gmt":"2024-01-18T10:12:33","guid":{"rendered":"https:\/\/vignerons-autrement.com\/?page_id=3"},"modified":"2024-02-07T18:42:49","modified_gmt":"2024-02-07T17:42:49","slug":"politique-de-confidentialite","status":"publish","type":"page","link":"https:\/\/vignerons-autrement.com\/en\/politique-de-confidentialite\/","title":{"rendered":"Personal data"},"content":{"rendered":"\n<p>Terre de Vignerons se pr\u00e9occupe du respect de la vie priv\u00e9e et s\u2019engage \u00e0 prot\u00e9ger vos donn\u00e9es personnelles.<\/p>\n\n\n\n<p>Vous avez toujours le contr\u00f4le des informations que vous fournissez \u00e0 Terre de Vignerons. Nous recueillons un type d\u2019informations sur nos visiteurs : les informations statistiques et g\u00e9n\u00e9rales (telles que le nombre de visiteurs sur nos sites, les pages auxquelles ils acc\u00e8dent, etc.).<\/p>\n\n\n\n<p>Ceci \u00e9tant, notre site Internet reste accessible sans que l\u2019utilisateur ait \u00e0 r\u00e9v\u00e9ler son identit\u00e9 ou donner des informations \u00e0 caract\u00e8re personnel.<\/p>\n\n\n\n<p>En outre, la collecte des informations g\u00e9n\u00e9rales a pour but de vous fournir les produits et services les plus utiles et cibl\u00e9s destin\u00e9s \u00e0 r\u00e9pondre \u00e0 vos besoins et requ\u00eates.<\/p>\n\n\n\n<p>Terre de Vignerons s\u2019engage \u00e0 ne pas \u00e9changer, vendre ou transmettre les donn\u00e9es \u00e0 caract\u00e8re personnel vous concernant \u00e0 d\u2019autres entreprises que celles appartenant \u00e0 son groupe, sauf dans les cas \u00e9ventuellement requis par la loi.<\/p>\n\n\n\n<p>Conform\u00e9ment \u00e0 l\u2019article 40 de la loi 78-17 \u00ab\u00a0Informatique et Libert\u00e9s\u00a0\u00bb du 6 janvier 1978, vous pouvez \u00e0 tout moment v\u00e9rifier, corriger, mettre \u00e0 jour ou demander la suppression des informations personnelles vous concernant que vous nous auriez communiqu\u00e9es en nous \u00e9crivant \u00e0 :<br><br>Terre de Vignerons \u2013 17-19 Route des vignerons \u2013 33790 Landerrouat \u2013 France<br>Tel. 00 33 5 56 61 33 73 \u2013 Fax 00 33 5 56 61 40 57<br>Email : contact[at]terredevignerons.com<\/p>\n\n\n\n<p><\/p>\n","protected":false},"excerpt":{"rendered":"<p>Terre de Vignerons se pr\u00e9occupe du respect de la vie priv\u00e9e et s\u2019engage \u00e0 prot\u00e9ger vos donn\u00e9es personnelles. Vous avez toujours le contr\u00f4le des informations que vous fournissez \u00e0 Terre de Vignerons. Nous recueillons un type d\u2019informations sur nos visiteurs : les informations statistiques et g\u00e9n\u00e9rales (telles que le nombre de visiteurs sur nos sites, &hellip; <a href=\"https:\/\/vignerons-autrement.com\/en\/politique-de-confidentialite\/\" class=\"more-link\">Continue reading<span class=\"screen-reader-text\"> \u00ab\u00a0Politique de confidentialit\u00e9\u00a0\u00bb<\/span><\/a><\/p>","protected":false},"author":4,"featured_media":0,"parent":0,"menu_order":8,"comment_status":"closed","ping_status":"closed","template":"","meta":{"_acf_changed":false,"slim_seo":{"title":"Politique de confidentialit\u00e9 - Vignerons Autrement","description":"Terre de Vignerons se pr\u00e9occupe du respect de la vie priv\u00e9e et s\u2019engage \u00e0 prot\u00e9ger vos donn\u00e9es personnelles. Vous avez toujours le contr\u00f4le des informations que"},"footnotes":""},"class_list":["post-3","page","type-page","status-publish","hentry"],"acf":[],"_links":{"self":[{"href":"https:\/\/vignerons-autrement.com\/en\/wp-json\/wp\/v2\/pages\/3","targetHints":{"allow":["GET"]}}],"collection":[{"href":"https:\/\/vignerons-autrement.com\/en\/wp-json\/wp\/v2\/pages"}],"about":[{"href":"https:\/\/vignerons-autrement.com\/en\/wp-json\/wp\/v2\/types\/page"}],"author":[{"embeddable":true,"href":"https:\/\/vignerons-autrement.com\/en\/wp-json\/wp\/v2\/users\/4"}],"replies":[{"embeddable":true,"href":"https:\/\/vignerons-autrement.com\/en\/wp-json\/wp\/v2\/comments?post=3"}],"version-history":[{"count":2,"href":"https:\/\/vignerons-autrement.com\/en\/wp-json\/wp\/v2\/pages\/3\/revisions"}],"predecessor-version":[{"id":1196,"href":"https:\/\/vignerons-autrement.com\/en\/wp-json\/wp\/v2\/pages\/3\/revisions\/1196"}],"wp:attachment":[{"href":"https:\/\/vignerons-autrement.com\/en\/wp-json\/wp\/v2\/media?parent=3"}],"curies":[{"name":"wp","href":"https:\/\/api.w.org\/{rel}","templated":true}]}}