{"id":12,"date":"2024-01-17T18:22:25","date_gmt":"2024-01-17T17:22:25","guid":{"rendered":"https:\/\/vignerons-autrement.com\/?page_id=9"},"modified":"2024-03-18T14:13:29","modified_gmt":"2024-03-18T13:13:29","slug":"vma","status":"publish","type":"page","link":"https:\/\/vignerons-autrement.com\/fr\/","title":{"rendered":"VMA"},"content":{"rendered":"","protected":false},"excerpt":{"rendered":"","protected":false},"author":4,"featured_media":0,"parent":0,"menu_order":1,"comment_status":"closed","ping_status":"closed","template":"","meta":{"_acf_changed":false,"slim_seo":{"description":"Repensez l'univers du vin ! L\u2019innovation est notre moteur. De la vigne \u00e0 la bouteille, la qualit\u00e9 et la s\u00e9curit\u00e9 sont au coeur de nos engagements.","title":"Vignerons Autrement - Bordeaux Sud-Ouest"},"footnotes":""},"class_list":["post-12","page","type-page","status-publish","hentry"],"acf":[],"_links":{"self":[{"href":"https:\/\/vignerons-autrement.com\/fr\/wp-json\/wp\/v2\/pages\/12","targetHints":{"allow":["GET"]}}],"collection":[{"href":"https:\/\/vignerons-autrement.com\/fr\/wp-json\/wp\/v2\/pages"}],"about":[{"href":"https:\/\/vignerons-autrement.com\/fr\/wp-json\/wp\/v2\/types\/page"}],"author":[{"embeddable":true,"href":"https:\/\/vignerons-autrement.com\/fr\/wp-json\/wp\/v2\/users\/4"}],"replies":[{"embeddable":true,"href":"https:\/\/vignerons-autrement.com\/fr\/wp-json\/wp\/v2\/comments?post=12"}],"version-history":[{"count":41,"href":"https:\/\/vignerons-autrement.com\/fr\/wp-json\/wp\/v2\/pages\/12\/revisions"}],"predecessor-version":[{"id":1431,"href":"https:\/\/vignerons-autrement.com\/fr\/wp-json\/wp\/v2\/pages\/12\/revisions\/1431"}],"wp:attachment":[{"href":"https:\/\/vignerons-autrement.com\/fr\/wp-json\/wp\/v2\/media?parent=12"}],"curies":[{"name":"wp","href":"https:\/\/api.w.org\/{rel}","templated":true}]}}