{"id":585,"date":"2024-02-01T12:35:13","date_gmt":"2024-02-01T11:35:13","guid":{"rendered":"https:\/\/vignerons-autrement.com\/?page_id=585"},"modified":"2024-02-12T11:04:19","modified_gmt":"2024-02-12T10:04:19","slug":"mentions-legales","status":"publish","type":"page","link":"https:\/\/vignerons-autrement.com\/fr\/mentions-legales\/","title":{"rendered":"Mentions l\u00e9gales"},"content":{"rendered":"\n<p><strong>SITE \u00c9DIT\u00c9<\/strong> <strong>PAR<\/strong><\/p>\n\n\n\n<p>Terre de Vignerons<br>Union de coop\u00e9ratives soci\u00e9t\u00e9 civile<\/p>\n\n\n\n<p><strong>Si\u00e8ge social de Villes\u00e8que<\/strong><br>33420 Saint-Vincent de Pertignas \u2013 France<\/p>\n\n\n\n<p><strong>Site de Landerrouat<\/strong><br>17-19 Route des vignerons \u2013 33790 Landerrouat \u2013 France<\/p>\n\n\n\n<p>Tel. 00 33 5 56 61 33 73 \u2013 Fax 00 33 5 56 61 40 57<\/p>\n\n\n\n<p>Email : contact[at]terredevignerons.com<\/p>\n\n\n\n<p>N\u00b0SIRET : 31 886 929 400 013 APE 1102B<br>Agr\u00e9ment 2047 \u2013 RCS 318 869 294 N\u00b0 TVA FR05318869294<\/p>\n\n\n\n<p><\/p>\n\n\n\n<p><strong>SITE R\u00c9ALIS\u00c9 PAR<\/strong><\/p>\n\n\n\n<p>Brand to Design<br>17, rue des Poilus 33600 Pessac<br>T\u00e9l. : <a href=\"https:\/\/www.google.com\/search?q=bvrand+to+design&amp;rlz=1C1ONGR_frFR1074FR1074&amp;oq=bvrand+to+design&amp;gs_lcrp=EgZjaHJvbWUyBggAEEUYOTIPCAEQLhgNGK8BGMcBGIAEMgYIAhBFGEAyCAgDEAAYFhgeMggIBBAAGBYYHjIMCAUQABgKGA8YFhgeMggIBhAAGBYYHjIICAcQABgWGB7SAQgzMjg3ajBqN6gCALACAA&amp;sourceid=chrome&amp;ie=UTF-8#\">09 53 84 99 32<\/a><br><a href=\"https:\/\/brand-to-design.com\/\" target=\"_blank\" rel=\"noreferrer noopener\">https:\/\/brand-to-design.com\/<\/a><\/p>\n\n\n\n<p><\/p>\n\n\n\n<p><strong>SITE H\u00c9BERG\u00c9 PAR<\/strong><\/p>\n\n\n\n<p>OVH<br>Si\u00e8ge social : 2 rue Kellermann \u2013 59100 Roubaix \u2013 France<\/p>\n\n\n\n<p>TRCS Lille M\u00e9tropole 424 761 419 00045<br>Code APE 2620Z<br>N\u00b0 TVA : FR 22 424 761 419<\/p>\n","protected":false},"excerpt":{"rendered":"<p>SITE \u00c9DIT\u00c9 PAR Terre de VigneronsUnion de coop\u00e9ratives soci\u00e9t\u00e9 civile Si\u00e8ge social de Villes\u00e8que33420 Saint-Vincent de Pertignas \u2013 France Site de Landerrouat17-19 Route des vignerons \u2013 33790 Landerrouat \u2013 France Tel. 00 33 5 56 61 33 73 \u2013 Fax 00 33 5 56 61 40 57 Email : contact[at]terredevignerons.com N\u00b0SIRET : 31 886 929 &hellip; <a href=\"https:\/\/vignerons-autrement.com\/fr\/mentions-legales\/\" class=\"more-link\">Continuer la lecture<span class=\"screen-reader-text\"> de &laquo;&nbsp;Mentions l\u00e9gales&nbsp;&raquo;<\/span><\/a><\/p>\n","protected":false},"author":4,"featured_media":0,"parent":0,"menu_order":7,"comment_status":"closed","ping_status":"closed","template":"","meta":{"_acf_changed":false,"slim_seo":{"title":"Mentions l\u00e9gales - Vignerons Autrement","description":"SITE \u00c9DIT\u00c9 PAR Terre de Vignerons Union de coop\u00e9ratives soci\u00e9t\u00e9 civile Si\u00e8ge social de Villes\u00e8que 33420 Saint-Vincent de Pertignas \u2013 France Site de Landerrouat"},"footnotes":""},"class_list":["post-585","page","type-page","status-publish","hentry"],"acf":[],"_links":{"self":[{"href":"https:\/\/vignerons-autrement.com\/fr\/wp-json\/wp\/v2\/pages\/585","targetHints":{"allow":["GET"]}}],"collection":[{"href":"https:\/\/vignerons-autrement.com\/fr\/wp-json\/wp\/v2\/pages"}],"about":[{"href":"https:\/\/vignerons-autrement.com\/fr\/wp-json\/wp\/v2\/types\/page"}],"author":[{"embeddable":true,"href":"https:\/\/vignerons-autrement.com\/fr\/wp-json\/wp\/v2\/users\/4"}],"replies":[{"embeddable":true,"href":"https:\/\/vignerons-autrement.com\/fr\/wp-json\/wp\/v2\/comments?post=585"}],"version-history":[{"count":34,"href":"https:\/\/vignerons-autrement.com\/fr\/wp-json\/wp\/v2\/pages\/585\/revisions"}],"predecessor-version":[{"id":1322,"href":"https:\/\/vignerons-autrement.com\/fr\/wp-json\/wp\/v2\/pages\/585\/revisions\/1322"}],"wp:attachment":[{"href":"https:\/\/vignerons-autrement.com\/fr\/wp-json\/wp\/v2\/media?parent=585"}],"curies":[{"name":"wp","href":"https:\/\/api.w.org\/{rel}","templated":true}]}}